{"id":271,"date":"2022-06-12T14:28:13","date_gmt":"2022-06-12T14:28:13","guid":{"rendered":"https:\/\/maokingdom.com\/registry\/?page_id=271"},"modified":"2022-09-02T14:49:36","modified_gmt":"2022-09-02T14:49:36","slug":"ordained-laws-and-regulations","status":"publish","type":"page","link":"https:\/\/maokingdom.com\/registry\/index.php\/ordained-laws-and-regulations\/","title":{"rendered":"Ordained Laws and Regulations"},"content":{"rendered":"\n<p>Below are the official laws, rules, and regulations of the M\u0101o Kingdom. For a brief overview and simplified terms, see the Layman&#8217;s Cheat Sheet.<\/p>\n\n\n\n<h3>Article 1.0: Ruling Hierarchy<\/h3>\n\n\n\n<p>1.0.1 Ovadeus is the Supreme Emperor and sole ruler overall all kingdoms, Emperors, and citizens. Ovadeus controls the Mandate from Heaven. and has the blessing of the Gods.<br>1.0.2 Wu Di  is the Emperor of the Wu Kingdom and all of its classes and citizens.<br>1.0.3 Shu Di  is the Emperor of the Shu Kingdom and all of its classes and citizens.<br>1.0.4 Wei Di  is the Emperor of the Wei Kingdom and all of its classes and citizens.<\/p>\n\n\n\n<h3>Article 1.1: Citizenship<\/h3>\n\n\n\n<p>Citizenship is open to the public. Anyone can become a citizen of the M\u0101o Kingdom by simply registering for a free lower-class servant M\u0101o OR buying a middle-class NFT farmer, merchant, or artisan M\u0101o.<\/p>\n\n\n\n<h3>Article 1.2: Obligation of Citizenship<\/h3>\n\n\n\n<p>As a citizen of the M\u0101o Kingdom, you are <span style=\"text-decoration: underline;\">not<\/span> obligated to pay any real-world currency (USD). However, you are obligated  to engage in the productivity of your designated kingdom (Wu, Shu, or Wei). This includes, but not is limited to:<br>1.2.1 Earning your keep (as a servant, farmer,  merchant or artisan) though community engagement and positive social media activity. This can be done internally or externally (Facebook, Instagram, TicTok, Pinterest, Twitter, etc.)<br>1.2.2 A citizen&#8217;s goal is to climb the social ladder and strive for the upper-class. This can only be done by community engagement which increases your clout, net-worth, and ranking; personal in-game accomplishments, or by obtaining a position in the upper class (Royal Family, Military, Clergy, or Noble Advisors).<br>1.2.3 Failure to engage in community activities for period of 60 days is a crime. If you are found guilty of this crime, you will be placed in the kingdom jail and your in-game status and net-worth may be at risk. The Supreme Emperor Ovadeus will make judgements. <\/p>\n\n\n\n<h3>Article 1.3: Class Structure<\/h3>\n\n\n\n<p>As a citizen of the M\u0101o Kingdom, you fall into one of the four structured classes:<br>+ Lower-Class<br>+ Middle-Class<br>+ Upper-Class<br>+ Royal-Class<\/p>\n\n\n\n<p><br>1.3.1 All Servants are classified as Lower-Class citizens and start with a net-worth of zero (0).<br>1.3.2 All Farmers, Merchants, and Artisans are classified as Middle-Class citizens and start with a random net-worth as determined by the Supreme Emperor Ovadeus.<br>1.3.3 All Clergy, Generals, and Noble Advisors are classified as Upper-Class citizens and start with a net-worth that they have built while climbing the social ladder.<br>1.3.4 All Royal Family Members are classified as Royal-Class and their net-worth is a percentage of the Royal Emperor.<br>1.3.5 All Kingdom Emperors (3) are classified as Royal-Class and their net-worth is always the greatest as it is bult upon the collective efforts of their citizens.<\/p>\n\n\n\n<h3>Article 1.4: Three Kingdoms<\/h3>\n\n\n\n<p>As a citizen of the M\u0101o Kingdom, you are a member of and loyal to one of the three dynastic states:<br>+ Wu Kingdom<br>+ Shu Kingdom<br>+ Wei Kingdom<\/p>\n","protected":false},"excerpt":{"rendered":"<p>Below are the official laws, rules, and regulations of the M\u0101o Kingdom. For a brief overview and simplified terms, see the Layman&#8217;s Cheat Sheet. Article 1.0: Ruling Hierarchy 1.0.1 Ovadeus is the Supreme Emperor and sole ruler overall all kingdoms, Emperors, and citizens. Ovadeus controls the Mandate from Heaven. and has the blessing of the&#8230;<\/p>\n","protected":false},"author":1,"featured_media":0,"parent":0,"menu_order":0,"comment_status":"closed","ping_status":"closed","template":"","meta":{"om_disable_all_campaigns":false,"_mi_skip_tracking":false,"_kad_post_transparent":"","_kad_post_title":"","_kad_post_layout":"","_kad_post_sidebar_id":"","_kad_post_content_style":"","_kad_post_vertical_padding":"","_kad_post_feature":"","_kad_post_feature_position":"","_kad_post_header":false,"_kad_post_footer":false},"aioseo_notices":[],"_links":{"self":[{"href":"https:\/\/maokingdom.com\/registry\/index.php\/wp-json\/wp\/v2\/pages\/271"}],"collection":[{"href":"https:\/\/maokingdom.com\/registry\/index.php\/wp-json\/wp\/v2\/pages"}],"about":[{"href":"https:\/\/maokingdom.com\/registry\/index.php\/wp-json\/wp\/v2\/types\/page"}],"author":[{"embeddable":true,"href":"https:\/\/maokingdom.com\/registry\/index.php\/wp-json\/wp\/v2\/users\/1"}],"replies":[{"embeddable":true,"href":"https:\/\/maokingdom.com\/registry\/index.php\/wp-json\/wp\/v2\/comments?post=271"}],"version-history":[{"count":8,"href":"https:\/\/maokingdom.com\/registry\/index.php\/wp-json\/wp\/v2\/pages\/271\/revisions"}],"predecessor-version":[{"id":650,"href":"https:\/\/maokingdom.com\/registry\/index.php\/wp-json\/wp\/v2\/pages\/271\/revisions\/650"}],"wp:attachment":[{"href":"https:\/\/maokingdom.com\/registry\/index.php\/wp-json\/wp\/v2\/media?parent=271"}],"curies":[{"name":"wp","href":"https:\/\/api.w.org\/{rel}","templated":true}]}}