{"id":408,"date":"2022-07-04T21:30:53","date_gmt":"2022-07-04T21:30:53","guid":{"rendered":"https:\/\/maokingdom.com\/registry\/?post_type=product&#038;p=408"},"modified":"2022-07-06T03:10:22","modified_gmt":"2022-07-06T03:10:22","slug":"saltlife","status":"publish","type":"product","link":"https:\/\/maokingdom.com\/registry\/index.php\/product\/saltlife\/","title":{"rendered":"Common M\u0101o: Salt Life"},"content":{"rendered":"<p>Adopt this FREE cat (m\u0101o) and start your journey to fame and fortune in the M\u0101o Kingdom.<br \/>\nGender: Male<br \/>\nKingdom: Wu Kingdom<br \/>\nNet Worth: 90<\/p>\n<p>Instructions: Once you officially adopt, you will receive a link to download your adoption certificate, kingdom instruction, and your NFT image file.<\/p>\n<p>Benefiting humane societies across the US.<\/p>\n","protected":false},"excerpt":{"rendered":"<p>Adopt this FREE cat (m\u0101o) and start your journey to fame and fortune in the M\u0101o Kingdom. Gender: Male Kingdom: Wu Kingdom Net Worth: 90 Instructions: Once you officially adopt, you will receive a link to download your adoption certificate, kingdom instruction, and your NFT image file. Benefiting humane societies across the US.<\/p>\n","protected":false},"featured_media":409,"comment_status":"open","ping_status":"closed","template":"","meta":{"om_disable_all_campaigns":false,"_mi_skip_tracking":false,"_kad_post_transparent":"","_kad_post_title":"","_kad_post_layout":"","_kad_post_sidebar_id":"","_kad_post_content_style":"","_kad_post_vertical_padding":"","_kad_post_feature":"","_kad_post_feature_position":"","_kad_post_header":false,"_kad_post_footer":false},"product_cat":[15],"product_tag":[29,30],"aioseo_notices":[],"_links":{"self":[{"href":"https:\/\/maokingdom.com\/registry\/index.php\/wp-json\/wp\/v2\/product\/408"}],"collection":[{"href":"https:\/\/maokingdom.com\/registry\/index.php\/wp-json\/wp\/v2\/product"}],"about":[{"href":"https:\/\/maokingdom.com\/registry\/index.php\/wp-json\/wp\/v2\/types\/product"}],"replies":[{"embeddable":true,"href":"https:\/\/maokingdom.com\/registry\/index.php\/wp-json\/wp\/v2\/comments?post=408"}],"wp:featuredmedia":[{"embeddable":true,"href":"https:\/\/maokingdom.com\/registry\/index.php\/wp-json\/wp\/v2\/media\/409"}],"wp:attachment":[{"href":"https:\/\/maokingdom.com\/registry\/index.php\/wp-json\/wp\/v2\/media?parent=408"}],"wp:term":[{"taxonomy":"product_cat","embeddable":true,"href":"https:\/\/maokingdom.com\/registry\/index.php\/wp-json\/wp\/v2\/product_cat?post=408"},{"taxonomy":"product_tag","embeddable":true,"href":"https:\/\/maokingdom.com\/registry\/index.php\/wp-json\/wp\/v2\/product_tag?post=408"}],"curies":[{"name":"wp","href":"https:\/\/api.w.org\/{rel}","templated":true}]}}