{"id":444,"date":"2022-07-05T02:09:17","date_gmt":"2022-07-05T02:09:17","guid":{"rendered":"https:\/\/maokingdom.com\/registry\/?post_type=product&#038;p=444"},"modified":"2022-07-06T03:06:20","modified_gmt":"2022-07-06T03:06:20","slug":"silo","status":"publish","type":"product","link":"https:\/\/maokingdom.com\/registry\/index.php\/product\/silo\/","title":{"rendered":"Common M\u0101o: Silo"},"content":{"rendered":"<p>Adopt this FREE cat (m\u0101o) and start your journey to fame and fortune in the M\u0101o Kingdom.<\/p>\n<p>Gender: Female<br \/>\nKingdom: Wei Kingdom<br \/>\nNet Worth: 10<\/p>\n<p>Instructions: Once you officially adopt, you will receive a link to download your adoption certificate, kingdom instruction, and your NFT image file.<\/p>\n<p>Benefiting humane societies across the US.<\/p>\n","protected":false},"excerpt":{"rendered":"<p>Adopt this FREE cat (m\u0101o) and start your journey to fame and fortune in the M\u0101o Kingdom. Gender: Female Kingdom: Wei Kingdom Net Worth: 10 Instructions: Once you officially adopt, you will receive a link to download your adoption certificate, kingdom instruction, and your NFT image file. Benefiting humane societies across the US.<\/p>\n","protected":false},"featured_media":445,"comment_status":"open","ping_status":"closed","template":"","meta":{"om_disable_all_campaigns":false,"_mi_skip_tracking":false,"_kad_post_transparent":"","_kad_post_title":"","_kad_post_layout":"","_kad_post_sidebar_id":"","_kad_post_content_style":"","_kad_post_vertical_padding":"","_kad_post_feature":"","_kad_post_feature_position":"","_kad_post_header":false,"_kad_post_footer":false},"product_cat":[15],"product_tag":[29,30],"aioseo_notices":[],"_links":{"self":[{"href":"https:\/\/maokingdom.com\/registry\/index.php\/wp-json\/wp\/v2\/product\/444"}],"collection":[{"href":"https:\/\/maokingdom.com\/registry\/index.php\/wp-json\/wp\/v2\/product"}],"about":[{"href":"https:\/\/maokingdom.com\/registry\/index.php\/wp-json\/wp\/v2\/types\/product"}],"replies":[{"embeddable":true,"href":"https:\/\/maokingdom.com\/registry\/index.php\/wp-json\/wp\/v2\/comments?post=444"}],"wp:featuredmedia":[{"embeddable":true,"href":"https:\/\/maokingdom.com\/registry\/index.php\/wp-json\/wp\/v2\/media\/445"}],"wp:attachment":[{"href":"https:\/\/maokingdom.com\/registry\/index.php\/wp-json\/wp\/v2\/media?parent=444"}],"wp:term":[{"taxonomy":"product_cat","embeddable":true,"href":"https:\/\/maokingdom.com\/registry\/index.php\/wp-json\/wp\/v2\/product_cat?post=444"},{"taxonomy":"product_tag","embeddable":true,"href":"https:\/\/maokingdom.com\/registry\/index.php\/wp-json\/wp\/v2\/product_tag?post=444"}],"curies":[{"name":"wp","href":"https:\/\/api.w.org\/{rel}","templated":true}]}}